{"id":1216,"date":"2023-05-02T08:03:51","date_gmt":"2023-05-02T06:03:51","guid":{"rendered":"https:\/\/fimmsa.ch\/prestations\/"},"modified":"2024-03-06T11:20:51","modified_gmt":"2024-03-06T10:20:51","slug":"prestations","status":"publish","type":"page","link":"https:\/\/fimmsa.ch\/en\/prestations\/","title":{"rendered":"Process"},"content":{"rendered":"","protected":false},"excerpt":{"rendered":"","protected":false},"author":1,"featured_media":0,"parent":0,"menu_order":9,"comment_status":"closed","ping_status":"closed","template":"templates-parts\/template-processus.php","meta":{"_acf_changed":false,"_seopress_robots_primary_cat":"","_seopress_titles_title":"Processus | L&#039;excellence sous toutes ces formes | FiMM","_seopress_titles_desc":"D\u00e9couvrez nos processus d&#039;habillage horloger haut de gamme : d\u00e9veloppement cr\u00e9atif, choix des mati\u00e8res, fabrication durable, terminaison impeccable et montage d&#039;exception.","_seopress_robots_index":"","inline_featured_image":false,"footnotes":""},"acf":[],"_links":{"self":[{"href":"https:\/\/fimmsa.ch\/en\/wp-json\/wp\/v2\/pages\/1216"}],"collection":[{"href":"https:\/\/fimmsa.ch\/en\/wp-json\/wp\/v2\/pages"}],"about":[{"href":"https:\/\/fimmsa.ch\/en\/wp-json\/wp\/v2\/types\/page"}],"author":[{"embeddable":true,"href":"https:\/\/fimmsa.ch\/en\/wp-json\/wp\/v2\/users\/1"}],"replies":[{"embeddable":true,"href":"https:\/\/fimmsa.ch\/en\/wp-json\/wp\/v2\/comments?post=1216"}],"version-history":[{"count":5,"href":"https:\/\/fimmsa.ch\/en\/wp-json\/wp\/v2\/pages\/1216\/revisions"}],"predecessor-version":[{"id":1571,"href":"https:\/\/fimmsa.ch\/en\/wp-json\/wp\/v2\/pages\/1216\/revisions\/1571"}],"wp:attachment":[{"href":"https:\/\/fimmsa.ch\/en\/wp-json\/wp\/v2\/media?parent=1216"}],"curies":[{"name":"wp","href":"https:\/\/api.w.org\/{rel}","templated":true}]}}